{"id":3066,"date":"2019-04-21T16:50:48","date_gmt":"2019-04-21T13:50:48","guid":{"rendered":"https:\/\/www.avrasyastudy.com\/en\/?page_id=3066"},"modified":"2019-04-21T16:51:05","modified_gmt":"2019-04-21T13:51:05","slug":"privacy-cookie-policy","status":"publish","type":"page","link":"https:\/\/www.avrasyatomer.com\/en\/privacy-cookie-policy\/","title":{"rendered":"Privacy &#038; Cookie Policy"},"content":{"rendered":"<h2><span id=\"Biz_kimiz\" class=\"ez-toc-section\">Biz kimiz<\/span><\/h2>\n<p>Web sitemizin adresi: https:\/\/www.avrasyatomer.com\/en.<\/p>\n<h2><span id=\"Hangi_kisisel_bilgileri_ne_amacla_topluyoruz\" class=\"ez-toc-section\">Hangi ki\u015fisel bilgileri ne ama\u00e7la topluyoruz<\/span><\/h2>\n<p>Avrasya T\u00d6MER, ki\u015fisel verilerinizi 6698 Say\u0131l\u0131 Ki\u015fisel Verilerin Korunmas\u0131 Kanunu\u2019nun 4. maddesi uyar\u0131nca ve her hal\u00fckarda 5. maddenin 2. f\u0131kras\u0131n\u0131n a, c ve e bentlerinde belirtilen istisnai hallerin d\u0131\u015f\u0131na \u00e7\u0131kmamak ko\u015fulu ile siz kullan\u0131c\u0131s\u0131na hizmet verebilmek i\u00e7in baz\u0131 ki\u015fisel bilgilerinizi kaydetmek suretiyle payla\u015fmas\u0131n\u0131 istemektedir.<\/p>\n<p>Avrasya T\u00d6MER, kullan\u0131c\u0131lar\u0131n ki\u015fisel bilgilerini sadece belirli hizmetleri yerine getirmek, sitede kullan\u0131c\u0131lar\u0131n isteklerine g\u00f6re i\u00e7erik ile reklam sa\u011flamak ve yeni hizmetlerden haberdar etmek i\u00e7in saklar. avrasyatomer.com kullan\u0131c\u0131lar\u0131 web sitesindeki dola\u015f\u0131mlar\u0131 s\u0131ras\u0131nda ki\u015fisel bilgilerini de\u011fi\u015ftirme \u015fans\u0131na sahiptirler. Bu bilgiler gerekli g\u00f6r\u00fclmesi halinde Avrasya T\u00d6MER taraf\u0131ndan ve her zaman kullan\u0131c\u0131 taraf\u0131ndan de\u011fi\u015ftirilebilmektedir. avrasyatomer.com kullan\u0131c\u0131lar\u0131n\u0131n sitedeki dola\u015f\u0131mlar\u0131 s\u0131ras\u0131nda ziyaret edilen b\u00f6l\u00fcmler, t\u0131klanan alanlar gibi \u00f6zellikleri otomatik olarak kaydedilmektedir. Bu veriler, sadece b\u00f6l\u00fcmlerin, farkl\u0131 alanlar\u0131n izlenme, takip edilme oranlar\u0131n\u0131n tespiti i\u00e7in kullan\u0131lmaktad\u0131r. Sayfalar\u0131n nereden ge\u00e7erek ya da ne \u015fekilde ziyaret edildi\u011fini belirleyen \u201ccookie\u201d adl\u0131 teknolojinin kullan\u0131ld\u0131\u011f\u0131 durumlarda ayn\u0131 \u015fekilde uygulaman\u0131n farkl\u0131 alanlar\u0131n\u0131n izlenme, t\u0131klanma oranlar\u0131n\u0131n belirlenmesinde istatistiki veri olarak toplanmakta olup; ki\u015fiye \u00f6zel yap\u0131lan bir uygulama de\u011fildir. Bu teknoloji ile ama\u00e7lanan, kullan\u0131c\u0131lar\u0131n daha s\u0131kl\u0131kla ziyaret ettikleri b\u00f6l\u00fcmlere ait i\u00e7eri\u011fi, siteye ilk ziyaretinden itibaren kullan\u0131c\u0131 i\u00e7in daha kolay ula\u015f\u0131l\u0131r k\u0131lmakt\u0131r. Avrasya T\u00d6MER, kanunlar\u0131m\u0131zca yetkili k\u0131l\u0131nm\u0131\u015f olan ki\u015fi, kurum ve kurulu\u015flar ile ilgili kanunlar kapsam\u0131nda bilgi i\u015flemesine izin verilenlerle Kanun\u2019da belirtilen \u015fekilde i\u015fleyebilecektir.<\/p>\n<h3><span id=\"Yorumlar\" class=\"ez-toc-section\">Yorumlar<\/span><\/h3>\n<p>Ziyaret\u00e7iler sitede yorum b\u0131rakt\u0131\u011f\u0131nda yorum formunda g\u00f6sterilen verileri ve ayr\u0131ca istenmeyen yorum tespitine yard\u0131mc\u0131 olmak i\u00e7in ziyaret\u00e7inin IP adresi ve taray\u0131c\u0131 bilgisi metnini de toplar\u0131z.<\/p>\n<p>E-posta adresinizden olu\u015fturulmu\u015f anonimle\u015ftirilmi\u015f bir metin (hash olarak da adland\u0131r\u0131l\u0131r) Gravatar hizmetine, servisi kullan\u0131p kullanmad\u0131\u011f\u0131n\u0131z\u0131 g\u00f6rmek i\u00e7in, sa\u011flanabilir. Gravatar servisinin gizlilik politikas\u0131 \u015fu adrestedir: https:\/\/automattic.com\/privacy\/ . Yorumunuzun onaylanmas\u0131ndan sonra profil resminiz yorumunuzla birlikte herkese g\u00f6r\u00fcn\u00fcr.<\/p>\n<h3><span id=\"Ortam\" class=\"ez-toc-section\">Ortam<\/span><\/h3>\n<p>G\u00f6rselleri web sitesine y\u00fcklerseniz, g\u00f6m\u00fclm\u00fc\u015f konum verileri (EXIF GPS) i\u00e7eren g\u00f6rseller y\u00fcklemekten ka\u00e7\u0131nmal\u0131s\u0131n\u0131z. Web sitesi ziyaret\u00e7ileri, web sitesindeki g\u00f6rsellerden herhangi bir konum bilgisini indirip \u00e7\u0131karabilir.<\/p>\n<h3><span id=\"Iletisim_formlari\" class=\"ez-toc-section\">\u0130leti\u015fim formlar\u0131<\/span><\/h3>\n<p>Web sitemizi ziyaretiniz s\u0131ras\u0131nda \u00e7e\u015fitli formlar (ileti\u015fim formu, e-b\u00fclten formu vb) ile ki\u015fisel bilgilerinizi temin etmeniz beklenmektedir. Sizin taraf\u0131n\u0131zdan payla\u015f\u0131lan ve bizim taraf\u0131m\u0131zdan kay\u0131t alt\u0131na al\u0131nan ki\u015fisel bilgileriniz avrasyatomer.com ve Avrasya T\u00d6MER taraf\u0131ndan korunur ve korunmaya devam edecektir. Ad\u0131n\u0131z ve soyad\u0131n\u0131z, posta adresiniz, do\u011fum tarihiniz, cinsiyetiniz, telefon numaran\u0131z, e-posta adresiniz gibi bilgileriniz taraf\u0131n\u0131zdan avrasyatomer.com\u2019e verildi\u011finde kaydedilir.\u00a0avrasyatomer.com, kullan\u0131c\u0131lara ait bilgileri \u201cVerinizi kimlerle payla\u015f\u0131yoruz\u201d ba\u015fl\u0131\u011f\u0131nda belirtilen haller gerektirdi\u011fi takdirde a\u00e7\u0131klamak hakk\u0131na sahiptir.<\/p>\n<h3><span id=\"Cerezler\" class=\"ez-toc-section\">\u00c7erezler<\/span><\/h3>\n<p>Sitemize bir yorum b\u0131rak\u0131rsan\u0131z, isminizi, e-posta adresinizi ve web sitenizi \u00e7erezlerde kaydetmeyi se\u00e7ebilirsiniz. Bunlar size kolayl\u0131k sa\u011flamak i\u00e7indir, b\u00f6ylece ba\u015fka bir yorum b\u0131rakt\u0131\u011f\u0131n\u0131zda bilgilerinizi tekrar doldurman\u0131z gerekmez. Bu \u00e7erezler bir y\u0131l s\u00fcresince kal\u0131r.<\/p>\n<p>Bir hesab\u0131n\u0131z varsa ve bu siteye giri\u015f yaparsan\u0131z, taray\u0131c\u0131n\u0131z\u0131n \u00e7erezleri kabul edip etmedi\u011fini belirlemek i\u00e7in ge\u00e7ici bir \u00e7erez ayarlayaca\u011f\u0131z. Bu \u00e7erez hi\u00e7bir ki\u015fisel veri i\u00e7ermez ve taray\u0131c\u0131n\u0131z\u0131 kapatt\u0131\u011f\u0131n\u0131zda at\u0131l\u0131r.<\/p>\n<p>Giri\u015f yapt\u0131\u011f\u0131n\u0131zda, giri\u015f bilgilerinizi ve ekran g\u00f6r\u00fcnt\u00fcleme se\u00e7iminizi kaydetmek i\u00e7in birka\u00e7 \u00e7erez kaydedece\u011fiz. Giri\u015f \u00e7erezleri iki g\u00fcn ve ekran se\u00e7enekleri \u00e7erezleri bir y\u0131l boyunca kal\u0131r. \u201cBeni hat\u0131rla\u201d se\u00e7ene\u011fini se\u00e7erseniz, giri\u015finiz iki hafta boyunca devam eder. Hesab\u0131n\u0131zdan \u00e7\u0131k\u0131\u015f yaparsan\u0131z, giri\u015f \u00e7erezleri kald\u0131r\u0131lacakt\u0131r.<\/p>\n<p>Bir makaleyi d\u00fczenler veya yay\u0131nlarsan\u0131z taray\u0131c\u0131n\u0131za ek bir \u00e7erez kaydedilir. Bu \u00e7erez hi\u00e7bir ki\u015fisel veri i\u00e7ermez ve sadece d\u00fczenledi\u011finiz makalenin yaz\u0131 kimli\u011fini g\u00f6sterir. 1 g\u00fcn sonra zaman a\u015f\u0131m\u0131na u\u011frar.<\/p>\n<h3><span id=\"Diger_sitelerden_gomulen_icerik\" class=\"ez-toc-section\">Di\u011fer sitelerden g\u00f6m\u00fclen i\u00e7erik<\/span><\/h3>\n<p>Bu sitedeki makaleler g\u00f6m\u00fcl\u00fc i\u00e7erik (\u00f6r. videolar, resimler, makaleler, vb.) i\u00e7erebilir. Di\u011fer web sitelerinden g\u00f6m\u00fclen i\u00e7erik, ziyaret\u00e7inin di\u011fer web sitesini ziyaret etmi\u015f gibi, tam olarak ayn\u0131 \u015fekilde davran\u0131r.<\/p>\n<p>Bu web siteleri sizin hakk\u0131n\u0131zda veri toplayabilir, \u00e7erez kullanabilir, \u00fc\u00e7\u00fcnc\u00fc taraf taraf\u0131ndan g\u00f6m\u00fclm\u00fc\u015f \u015feklide takip yapabilir ve bir hesab\u0131n\u0131z varsa ve bu web sitesinde oturum a\u00e7t\u0131ysan\u0131z, g\u00f6m\u00fclen i\u00e7erikle etkile\u015fiminizi takip etme dahil olmak \u00fczere, bu g\u00f6m\u00fclen i\u00e7erikle etkile\u015fiminizi izleyebilir.<\/p>\n<h3><span id=\"Analiz\" class=\"ez-toc-section\">Analiz<\/span><\/h3>\n<p>\u0130\u015f ortaklar\u0131m\u0131z, reklam platformlar\u0131, arama motorlar\u0131, sosyal medya platformlar\u0131 ile analitik bilgileri toplama hizmeti veren, sitemiz genelinde kullan\u0131lan bu servis sa\u011flay\u0131c\u0131lar hizmetlerini sunabilmeleri i\u00e7in sitelerimizi ziyaret etti\u011finizde, bizim yerimize cihazlar\u0131n\u0131za \u00e7erez kaydetmelerine izin verebiliriz. Bu \u00e7erezler hakk\u0131nda daha fazla bilgi edinmek ve bu \u00e7erezlerin nas\u0131l kontrol edilece\u011fine ili\u015fkin ayr\u0131nt\u0131l\u0131 bilgi i\u00e7in, l\u00fctfen bu \u00fc\u00e7\u00fcnc\u00fc parti kurum ve kurulu\u015flar\u0131n gizlilik politikalar\u0131n\u0131 veya \u00e7erez politikalar\u0131n\u0131 inceleyiniz.<\/p>\n<p>Bir\u00e7ok internet taray\u0131c\u0131s\u0131, varsay\u0131lan olarak \u00e7erezleri otomatik olarak kabul etmeye ayarl\u0131d\u0131r. Bu ayarlar\u0131, \u00e7erezleri engelleyecek veya cihaz\u0131n\u0131za \u00e7erez g\u00f6nderildi\u011finde uyar\u0131 verecek \u015fekilde de\u011fi\u015ftirebilirsiniz. \u00c7erezleri y\u00f6netmenin birka\u00e7 yolu bulunmaktad\u0131r. Taray\u0131c\u0131 ayarlar\u0131n\u0131z\u0131 nas\u0131l d\u00fczenleyece\u011finiz hakk\u0131nda ayr\u0131nt\u0131l\u0131 bilgi almak i\u00e7in l\u00fctfen taray\u0131c\u0131n\u0131z\u0131n talimat veya yard\u0131m ekran\u0131na ba\u015fvurun.<\/p>\n<h2><span id=\"Verinizi_kimlerle_paylasiyoruz\" class=\"ez-toc-section\">Verinizi kimlerle payla\u015f\u0131yoruz<\/span><\/h2>\n<p>Avrasya T\u00d6MER yasal mevzuat\u0131n izin verdi\u011fi kurum ve kurulu\u015flar ile; ancak bunlarla s\u0131n\u0131rl\u0131 olmamak \u00fczere t\u00fcm resmi makamlar, Avrasya T\u00d6MER\u2019in taraf oldu\u011fu s\u00f6zle\u015fmeler taht\u0131nda m\u00fc\u015fterileri, \u00e7\u00f6z\u00fcm ortaklar\u0131 ve di\u011fer ticari faaliyette bulundu\u011fu \u00fc\u00e7\u00fcnc\u00fc ki\u015filerdir. Avrasya T\u00d6MER, avrasyatomer.com kullan\u0131c\u0131lar\u0131na ait bilgileri a\u015fa\u011f\u0131da belirtilen haller gerektirdi\u011fi takdirde a\u00e7\u0131klamak hakk\u0131na sahiptir: 1. Kullan\u0131c\u0131n\u0131n, \u015fahsi bilgilerinin payla\u015f\u0131lmas\u0131 konusunda izni ve onay\u0131 var ise, 2. avrasyatomer.com ve Avrasya T\u00d6MER\u2019in kendi b\u00fcnyesinde kullan\u0131lmak \u00fczere kullan\u0131c\u0131 profillerinin belirlenmesi amac\u0131yla, 3. Kullan\u0131c\u0131n\u0131n, avrasyatomer.com ve Avrasya T\u00d6MER\u2019den talep etti\u011fi \u00fcr\u00fcn ve hizmetlerin geli\u015ftirilmesi, temin edilmesi veya size sunulan servis ve ara\u00e7larla ilgili problemlerin giderilmesi amac\u0131yla, 4. Kullan\u0131c\u0131ya \u00fcr\u00fcn ve servisler sunarken, birlikle \u00e7al\u0131\u015ft\u0131\u011f\u0131 (i\u015f birli\u011fi yapt\u0131\u011f\u0131) firmalara, bu \u00fcr\u00fcn ve servislerin sa\u011flanmas\u0131nda kullan\u0131lmak \u00fczere, 5.Yasal soru\u015fturmalar esnas\u0131nda, mahkeme karar\u0131 gere\u011fi veya yasal prosed\u00fcrler gerektirdi\u011fi takdirde.<\/p>\n<h2><span id=\"Verilerinizi_ne_kadar_sure_tutariz\" class=\"ez-toc-section\">Verilerinizi ne kadar s\u00fcre tutar\u0131z<\/span><\/h2>\n<p>Bir yorum b\u0131rak\u0131rsan\u0131z, yorum ve meta verileri s\u00fcresiz olarak saklan\u0131r. B\u00f6ylece, takip eden yorumlar\u0131n\u0131z\u0131 denetim kuyru\u011funda tutmak yerine otomatik olarak tan\u0131yabilir ve onaylayabiliriz.<\/p>\n<p>Web sitemize kay\u0131t yapt\u0131ran kullan\u0131c\u0131lar i\u00e7in (varsa) kullan\u0131c\u0131 profilinde sa\u011flad\u0131klar\u0131 ki\u015fisel bilgileri de saklar\u0131z. T\u00fcm kullan\u0131c\u0131lar ki\u015fisel bilgilerini istedikleri zaman g\u00f6rebilir, d\u00fczenleyebilir veya silebilir (kullan\u0131c\u0131 ad\u0131 de\u011fi\u015ftirme hari\u00e7). Web sitesi y\u00f6neticileri de bu bilgileri g\u00f6rebilir ve d\u00fczenleyebilir.<\/p>\n<h2><span id=\"Verileriniz_uzerindeki_haklariniz_neler\" class=\"ez-toc-section\">Verileriniz \u00fczerindeki haklar\u0131n\u0131z neler<\/span><\/h2>\n<p>Bu sitede bir hesab\u0131n\u0131z veya yorumlar\u0131n\u0131z varsa, bize sa\u011flad\u0131\u011f\u0131n\u0131z veriler dahil olmak \u00fczere, hakk\u0131n\u0131zda tuttu\u011fumuz ki\u015fisel verilerin d\u0131\u015fa aktar\u0131lm\u0131\u015f bir dosyas\u0131n\u0131 almay\u0131 isteyebilirsiniz. Ayr\u0131ca, hakk\u0131n\u0131zda tuttu\u011fumuz t\u00fcm ki\u015fisel verileri de silmeyi isteyebilirsiniz. Bu, idari, yasal veya g\u00fcvenlik ama\u00e7lar\u0131na uymak zorunda oldu\u011fumuz hi\u00e7bir veriyi i\u00e7ermez.<\/p>\n<h2><span id=\"Verinizi_nereye_gonderiyoruz\" class=\"ez-toc-section\">Verinizi nereye g\u00f6nderiyoruz<\/span><\/h2>\n<p>Ziyaret\u00e7i yorumlar\u0131 otomatik istenmeyen yorum alg\u0131lama servisi arac\u0131l\u0131\u011f\u0131yla kontrol edilebilir.<\/p>\n<h2><span id=\"Iletisim_bilgilerimiz\" class=\"ez-toc-section\">\u0130leti\u015fim bilgilerimiz<\/span><\/h2>\n<p>\u0130leti\u015fim bilgilerimiz web sitemizin\u00a0<a href=\"\/?page_id=371\" target=\"_blank\" rel=\"noopener noreferrer\">ileti\u015fim<\/a>\u00a0sayfas\u0131nda a\u00e7\u0131k\u00e7a belirtilmi\u015ftir.<\/p>\n<h2><span id=\"Ek_bilgi\" class=\"ez-toc-section\">Ek bilgi<\/span><\/h2>\n<p>Ma\u011fazam\u0131zda \u00f6deme i\u015flemi s\u0131ras\u0131nda sizinle ilgili bilgileri topluyoruz.<\/p>\n<h2><span id=\"Neleri_toplar_ve_saklariz\" class=\"ez-toc-section\">Neleri toplar ve saklar\u0131z?<\/span><\/h2>\n<p>Siz sitemizi ziyaret ederken, biz \u015funlar\u0131 izleriz:<\/p>\n<ul>\n<li>G\u00f6r\u00fcnt\u00fcledi\u011finiz \u00fcr\u00fcnler: \u00d6rne\u011fin, en son g\u00f6r\u00fcnt\u00fcledi\u011finiz \u00fcr\u00fcnleri g\u00f6stermek i\u00e7in bunu kullan\u0131r\u0131z<\/li>\n<li>Yer, IP adresi ve taray\u0131c\u0131 t\u00fcr\u00fc: Vergi ve g\u00f6nderim tahmini gibi ama\u00e7lar i\u00e7in bunu kullan\u0131r\u0131z<\/li>\n<li>G\u00f6nderim adresi: Bunu girmenizi talep ederiz, b\u00f6ylece sipari\u015f vermeden \u00f6nce nakliye i\u015flemini tahmin edebilir ve sipari\u015finizi g\u00f6nderebiliriz!<\/li>\n<\/ul>\n<p>Siz sitemize g\u00f6z atarken, al\u0131\u015fveri\u015f sepeti i\u00e7eri\u011fini takip etmek i\u00e7in \u00e7erezleri (tan\u0131mlama bilgilerini) de kullanaca\u011f\u0131z.<\/p>\n<p>Bizden bir \u015fey sat\u0131n ald\u0131\u011f\u0131n\u0131zda, ad\u0131n\u0131z\u0131, fatura adresinizi, g\u00f6nderim adresinizi, e-posta adresinizi, telefon numaran\u0131z\u0131, kredi kart\u0131 \/ \u00f6deme ayr\u0131nt\u0131lar\u0131n\u0131z\u0131 ve kullan\u0131c\u0131 ad\u0131 ve \u015fifre gibi iste\u011fe ba\u011fl\u0131 hesap bilgilerini i\u00e7eren bilgileri vermenizi talep edebiliriz. Bu bilgileri \u015fu gibi ama\u00e7larla kullan\u0131r\u0131z:<\/p>\n<ul>\n<li>Hesab\u0131n\u0131z ve sipari\u015finiz hakk\u0131nda size bilgi g\u00f6ndermek<\/li>\n<li>Geri \u00f6demeler ve \u015fikayetler dahil olmak \u00fczere isteklerinizi yan\u0131tlamak<\/li>\n<li>\u00d6demeleri i\u015flemek ve sahtecili\u011fi \u00f6nlemek<\/li>\n<li>Ma\u011fazam\u0131z i\u00e7in hesab\u0131n\u0131z\u0131 olu\u015fturmak<\/li>\n<li>Fatura kesmek gibi yasal y\u00fck\u00fcml\u00fcl\u00fckleri yerine getirmek<\/li>\n<li>Ma\u011faza tekliflerimizi iyile\u015ftirmek<\/li>\n<li>Almay\u0131 se\u00e7erseniz size reklam ve promosyon mesajlar\u0131 g\u00f6ndermek<\/li>\n<\/ul>\n<p>Bir hesap olu\u015fturursan\u0131z, ad\u0131n\u0131z\u0131, adresinizi, e-postan\u0131z\u0131 ve telefon numaran\u0131z\u0131 saklayaca\u011f\u0131z. Bu bilgiler, gelecekteki sipari\u015fler i\u00e7in \u00f6deme yapmak istedi\u011finizde kullan\u0131lacakt\u0131r.<\/p>\n<p>Sizinle ilgili bilgileri ihtiya\u00e7 duydu\u011fumuz s\u00fcrece ve yasal s\u00fcre boyunca saklar\u0131z. \u00d6rne\u011fin, vergi ve muhasebe ama\u00e7lar\u0131 i\u00e7in bir y\u0131l y\u0131ll\u0131k sipari\u015f bilgilerini saklayaca\u011f\u0131z. Bu, ad\u0131n\u0131z\u0131, e-posta adresinizi, fatura ve g\u00f6nderim adreslerini i\u00e7erir.<\/p>\n<p>Yapmay\u0131 se\u00e7erseniz, ma\u011faza yorumlar\u0131n\u0131 veya g\u00f6r\u00fc\u015fleri de saklar\u0131z.<\/p>\n<h2><span id=\"Ekibimizde_erisimi_olanlar\" class=\"ez-toc-section\">Ekibimizde eri\u015fimi olanlar<\/span><\/h2>\n<p>Ekibimizin \u00fcyeleri bize sa\u011flad\u0131\u011f\u0131n\u0131z bilgilere eri\u015febilir. \u00d6rne\u011fin, hem Y\u00f6neticiler hem de Ma\u011faza Y\u00f6neticileri \u015funlara eri\u015febilir:<\/p>\n<ul>\n<li>Neyin, ne zaman sat\u0131n al\u0131nd\u0131\u011f\u0131 ve nereye g\u00f6nderilmesi gerekti\u011fi gibi sipari\u015f bilgileri ve<\/li>\n<li>Ad\u0131n\u0131z, e-posta adresiniz, fatura ve g\u00f6nderim bilgileriniz gibi m\u00fc\u015fteri bilgileri.<\/li>\n<\/ul>\n<p>Ekip \u00fcyelerimiz, sipari\u015fleri ger\u00e7ekle\u015ftirmek, geri \u00f6deme i\u015flemlerini y\u00fcr\u00fctmek ve size yard\u0131mc\u0131 olmak i\u00e7in bu bilgilere eri\u015febilir.<\/p>\n<h2><span id=\"Baskalariyla_neler_paylasiyoruz\" class=\"ez-toc-section\">Ba\u015fkalar\u0131yla neler payla\u015f\u0131yoruz?<\/span><\/h2>\n<p>Sipari\u015fleri ve ma\u011faza hizmetlerini size vermemize yard\u0131mc\u0131 olan \u00fc\u00e7\u00fcnc\u00fc taraflarla bilgi payla\u015fabiliriz. \u00d6rne\u011fin; Maliye Bakanl\u0131\u011f\u0131, BDDK onayl\u0131 \u00f6deme i\u015flemleri arac\u0131 kurumlar\u0131, kargo \u015firketleri vb.<\/p>\n<h3><span id=\"Odemeler\" class=\"ez-toc-section\">\u00d6demeler<\/span><\/h3>\n<p>Banka havalesi\/EFT ve kredi kart\u0131 \u00f6deme y\u00f6ntemleri ile \u00fc\u00e7\u00fcnc\u00fc taraflar \u00fczerinden \u00f6deme kabul ediyoruz.<\/p>\n<h3><span id=\"Verinizi_nasil_koruyoruz\" class=\"ez-toc-section\">Verinizi nas\u0131l koruyoruz<\/span><\/h3>\n<p>Ki\u015fisel verileriniz; Avrasya T\u00d6MER, taraf\u0131ndan yaz\u0131l\u0131 ya da elektronik ortamda toplanabilir. Bu verilerinizi muhafaza ederken Kanun\u2019un 4. Maddesinin 2. F\u0131kras\u0131nda belirtildi\u011fi gibi ilgili Kanunlara ve d\u00fcr\u00fcstl\u00fck kural\u0131na uyaca\u011f\u0131m\u0131z\u0131 ve verilerinizi do\u011fru ve gerekti\u011finde g\u00fcncel tutaca\u011f\u0131m\u0131z\u0131 beyan ve taahh\u00fct ederiz. Herhangi bir \u015f\u00fcpheye mahal vermemek amac\u0131yla Kanun\u2019un 4. Maddesinin 2-b f\u0131kras\u0131nda belirtilen g\u00fcncel tutma y\u00fck\u00fcml\u00fcl\u00fc\u011f\u00fc avrasyatomer.com kullan\u0131c\u0131lar\u0131n\u0131n kendilerine ait ki\u015fisel veya \u00f6zel nitelikteki ki\u015fisel verilerini \u015firketin bildirildi\u011fi \u00f6l\u00e7\u00fc ile s\u0131n\u0131rl\u0131 olacakt\u0131r. Avrasya T\u00d6MER, ki\u015fisel verilerin hukuka ayk\u0131r\u0131 olarak i\u015flenmesini \u00f6nlemek, verilere hukuka ayk\u0131r\u0131 olarak eri\u015filmesini \u00f6nlemek, ki\u015fisel verilerin muhafazas\u0131n\u0131 sa\u011flamak amac\u0131yla uygun g\u00fcvenlik d\u00fczeyini sa\u011flamaya y\u00f6nelik gerekli her t\u00fcrl\u00fc teknik ve idari tedbirleri almakla y\u00fck\u00fcml\u00fcd\u00fcr.<\/p>\n<h3><span id=\"Hangi_veri_ihlali_prosedurlerimiz_var\" class=\"ez-toc-section\">Hangi veri ihlali prosed\u00fcrlerimiz var<\/span><\/h3>\n<p>Veri sorumlusu olarak uhdemizde bulunan ki\u015fisel verilerin g\u00fcvenli\u011fini sa\u011flamak i\u00e7in mevzuatta \u00f6ng\u00f6r\u00fclen idari ve teknik tedbirleri almaktay\u0131z.<\/p>\n<h3><span id=\"Aydinlatma_yukumlulugumuz\" class=\"ez-toc-section\">Ayd\u0131nlatma y\u00fck\u00fcml\u00fcl\u00fc\u011f\u00fcm\u00fcz<\/span><\/h3>\n<p>Veri sorumlusu olarak ki\u015fisel verileri toplarken; Ki\u015fisel verilerinizin hangi ama\u00e7la i\u015flenece\u011fi, Kimli\u011fimiz, varsa temsilcimizin kimli\u011fine ili\u015fkin bilgiler, \u0130\u015flenen ki\u015fisel verilerinizin kimlere ve hangi ama\u00e7la aktar\u0131labilece\u011fi, Verileri toplama y\u00f6ntemimiz ve hukuki sebebi, Kanundan do\u011fan haklar, hususlar\u0131nda \u0130lgili Ki\u015fiyi ayd\u0131nlatma y\u00fck\u00fcml\u00fcl\u00fc\u011f\u00fcm\u00fcz bulunmaktad\u0131r. Avrasya T\u00d6MER olarak kamuoyuna a\u00e7\u0131k olan i\u015fbu Politikam\u0131z\u0131n a\u00e7\u0131k, anla\u015f\u0131l\u0131r, kolay eri\u015febilir olmas\u0131na \u00f6zen g\u00f6stermekteyiz.<\/p>\n<p>Avrasya T\u00d6MER, Gizlilik Politikas\u0131 h\u00fck\u00fcmlerini diledi\u011fi zaman de\u011fi\u015ftirebilir. G\u00fcncel Gizlilik Politikas\u0131, Veri Sahibine herhangi bir y\u00f6ntemle sunuldu\u011fu tarihte y\u00fcr\u00fcrl\u00fck kazan\u0131r.<\/p>\n","protected":false},"excerpt":{"rendered":"<p>Biz kimiz Web sitemizin adresi: https:\/\/www.avrasyatomer.com\/en. Hangi ki\u015fisel bilgileri ne ama\u00e7la topluyoruz Avrasya T\u00d6MER, ki\u015fisel verilerinizi 6698 Say\u0131l\u0131 Ki\u015fisel Verilerin Korunmas\u0131 Kanunu\u2019nun 4. maddesi uyar\u0131nca ve her hal\u00fckarda 5. maddenin 2. f\u0131kras\u0131n\u0131n a, c ve e bentlerinde belirtilen istisnai hallerin d\u0131\u015f\u0131na \u00e7\u0131kmamak ko\u015fulu ile siz kullan\u0131c\u0131s\u0131na hizmet verebilmek i\u00e7in baz\u0131 ki\u015fisel bilgilerinizi kaydetmek suretiyle payla\u015fmas\u0131n\u0131<\/p>\n","protected":false},"author":7,"featured_media":0,"parent":0,"menu_order":0,"comment_status":"closed","ping_status":"closed","template":"","meta":{"footnotes":""},"class_list":["post-3066","page","type-page","status-publish","hentry"],"aioseo_notices":[],"_links":{"self":[{"href":"https:\/\/www.avrasyatomer.com\/en\/wp-json\/wp\/v2\/pages\/3066","targetHints":{"allow":["GET"]}}],"collection":[{"href":"https:\/\/www.avrasyatomer.com\/en\/wp-json\/wp\/v2\/pages"}],"about":[{"href":"https:\/\/www.avrasyatomer.com\/en\/wp-json\/wp\/v2\/types\/page"}],"author":[{"embeddable":true,"href":"https:\/\/www.avrasyatomer.com\/en\/wp-json\/wp\/v2\/users\/7"}],"replies":[{"embeddable":true,"href":"https:\/\/www.avrasyatomer.com\/en\/wp-json\/wp\/v2\/comments?post=3066"}],"version-history":[{"count":0,"href":"https:\/\/www.avrasyatomer.com\/en\/wp-json\/wp\/v2\/pages\/3066\/revisions"}],"wp:attachment":[{"href":"https:\/\/www.avrasyatomer.com\/en\/wp-json\/wp\/v2\/media?parent=3066"}],"curies":[{"name":"wp","href":"https:\/\/api.w.org\/{rel}","templated":true}]}}