{"id":2319,"date":"2016-11-11T12:01:10","date_gmt":"2016-11-11T09:01:10","guid":{"rendered":"http:\/\/www.avrasyatomer.com\/en\/?page_id=2319"},"modified":"2022-01-14T23:34:48","modified_gmt":"2022-01-14T20:34:48","slug":"academic-turkish","status":"publish","type":"page","link":"https:\/\/www.avrasyatomer.com\/en\/academic-turkish\/","title":{"rendered":"Academic Turkish"},"content":{"rendered":"<p><img loading=\"lazy\" decoding=\"async\" class=\" wp-image-2172 alignright\" src=\"https:\/\/www.avrasyatomer.com\/en\/wp-content\/uploads\/2016\/11\/kurumsal-turkce-s\u0131n\u0131f-avrasya-tomer-kurslar.jpg\" alt=\"kurumsal-turkce-sinif-avrasya-tomer-kurslar\" width=\"311\" height=\"175\" srcset=\"https:\/\/www.avrasyatomer.com\/en\/wp-content\/uploads\/2016\/11\/kurumsal-turkce-s\u0131n\u0131f-avrasya-tomer-kurslar.jpg 480w, https:\/\/www.avrasyatomer.com\/en\/wp-content\/uploads\/2016\/11\/kurumsal-turkce-s\u0131n\u0131f-avrasya-tomer-kurslar-300x169.jpg 300w, https:\/\/www.avrasyatomer.com\/en\/wp-content\/uploads\/2016\/11\/kurumsal-turkce-s\u0131n\u0131f-avrasya-tomer-kurslar-280x158.jpg 280w\" sizes=\"auto, (max-width: 311px) 100vw, 311px\" \/>\u015eayet C1 d\u00fczeyinde bir T\u00fcrk\u00e7e yeterli\u011fine sahip iseniz ve buna ra\u011fmen T\u00fcrk\u00e7enizi m\u00fckemmelle\u015ftirmeyi arzuluyorsan\u0131z, o zaman size akademik T\u00fcrk\u00e7e kursumuzu tavsiye ediyoruz. Bu kursumuzda t\u00fcm dil becerilerini (konu\u015fma, dinleme, okuma ve yazma) geli\u015ftirme imk\u00e2n\u0131 bulacaks\u0131n\u0131z ve b\u00f6ylece T\u00fcrk\u00e7e seviyeniz ana dili seviyesine yakla\u015fm\u0131\u015f olacak.<br \/>\nTavsiye edilen program\u0131n d\u0131\u015f\u0131nda kurslara uzun vadede kat\u0131labilirsiniz.<\/p>\n<p><a href=\"https:\/\/www.avrasyatomer.com\/en\/online-deneme\/\"><strong>What is my Turkish level?<\/strong><\/a><\/p>\n<div class=\"tableScroll\">\n<div class=\"tableInside\">\n<table class=\"table table-hover\" style=\"width: 814px;\" border=\"1\" cellspacing=\"0\" cellpadding=\"0\" align=\"left\">\n<tbody>\n<tr class=\"success\">\n<td style=\"width: 88px;\" valign=\"top\" nowrap=\"nowrap\">\n<div align=\"center\">KURS G\u00dcNLER\u0130<\/div>\n<\/td>\n<td style=\"width: 106px;\" valign=\"top\" nowrap=\"nowrap\">\n<div align=\"center\">\u00a0KURS SAATLER\u0130<\/div>\n<\/td>\n<td style=\"width: 88px;\" valign=\"top\" nowrap=\"nowrap\">\n<div align=\"center\">G\u00dcN SAYISI<\/div>\n<\/td>\n<td style=\"width: 138px;\" valign=\"top\" nowrap=\"nowrap\">\n<div align=\"center\">\u00a0G\u00dcNL\u00dcK DERS SAAT\u0130<\/div>\n<\/td>\n<td style=\"width: 80px;\" valign=\"top\" nowrap=\"nowrap\">\n<div align=\"center\">HAFTALIK KURS SAAT\u0130<\/div>\n<\/td>\n<td style=\"width: 63px;\" valign=\"top\" nowrap=\"nowrap\">\n<div align=\"center\">SEV\u0130YE ADI<\/div>\n<\/td>\n<td style=\"width: 84px;\" valign=\"top\" nowrap=\"nowrap\">\n<div align=\"center\">TOPLAM SAAT<\/div>\n<\/td>\n<td style=\"width: 78px;\" valign=\"top\" nowrap=\"nowrap\">\n<div align=\"center\">\u00a0KURS S\u00dcRES\u0130<\/div>\n<\/td>\n<td style=\"width: 88px;\" valign=\"top\">\n<div align=\"center\">\u00d6\u011eRENC\u0130 SAYISI<\/div>\n<div align=\"center\">(\u00d6ZEL SINIF)<\/div>\n<\/td>\n<\/tr>\n<tr>\n<td style=\"width: 88px;\" valign=\"top\" nowrap=\"nowrap\">\n<div align=\"center\"><\/div>\n<div>Pazartesi<\/div>\n<div>Sal\u0131<\/div>\n<\/td>\n<td style=\"width: 106px;\" valign=\"top\" nowrap=\"nowrap\">\n<div align=\"center\"><\/div>\n<div>\u00a018.00-20.10<\/div>\n<div align=\"center\"><\/div>\n<\/td>\n<td style=\"width: 88px;\" valign=\"top\" nowrap=\"nowrap\">\n<div align=\"center\"><\/div>\n<div align=\"center\">2 G\u00dcN<\/div>\n<div align=\"center\"><\/div>\n<\/td>\n<td style=\"width: 138px;\" valign=\"top\" nowrap=\"nowrap\">\n<div>Ders: 18.00-19.00<\/div>\n<div>Ders: 19.10-20.10<\/div>\n<\/td>\n<td style=\"width: 80px;\" valign=\"top\" nowrap=\"nowrap\">\n<div>\u00a04 SAAT<\/div>\n<\/td>\n<td style=\"width: 63px;\" valign=\"top\" nowrap=\"nowrap\">\n<div align=\"center\">C2<\/div>\n<\/td>\n<td style=\"width: 84px;\" valign=\"top\" nowrap=\"nowrap\">\n<div align=\"center\">\u00a0128 SAAT<\/div>\n<\/td>\n<td style=\"width: 78px;\" valign=\"top\" nowrap=\"nowrap\">\n<div align=\"center\">\u00a08 HAFTA<\/div>\n<\/td>\n<td style=\"width: 88px;\" valign=\"top\">\n<div align=\"center\">\u00a04<\/div>\n<\/td>\n<\/tr>\n<\/tbody>\n<\/table>\n<\/div>\n<\/div>\n<div><b>\u00a0<\/b><\/div>\n","protected":false},"excerpt":{"rendered":"<p>\u015eayet C1 d\u00fczeyinde bir T\u00fcrk\u00e7e yeterli\u011fine sahip iseniz ve buna ra\u011fmen T\u00fcrk\u00e7enizi m\u00fckemmelle\u015ftirmeyi arzuluyorsan\u0131z, o zaman size akademik T\u00fcrk\u00e7e kursumuzu tavsiye ediyoruz. Bu kursumuzda t\u00fcm dil becerilerini (konu\u015fma, dinleme, okuma ve yazma) geli\u015ftirme imk\u00e2n\u0131 bulacaks\u0131n\u0131z ve b\u00f6ylece T\u00fcrk\u00e7e seviyeniz ana dili seviyesine yakla\u015fm\u0131\u015f olacak. Tavsiye edilen program\u0131n d\u0131\u015f\u0131nda kurslara uzun vadede kat\u0131labilirsiniz. What is my<\/p>\n","protected":false},"author":7,"featured_media":0,"parent":0,"menu_order":0,"comment_status":"closed","ping_status":"closed","template":"","meta":{"footnotes":""},"class_list":["post-2319","page","type-page","status-publish","hentry"],"aioseo_notices":[],"_links":{"self":[{"href":"https:\/\/www.avrasyatomer.com\/en\/wp-json\/wp\/v2\/pages\/2319","targetHints":{"allow":["GET"]}}],"collection":[{"href":"https:\/\/www.avrasyatomer.com\/en\/wp-json\/wp\/v2\/pages"}],"about":[{"href":"https:\/\/www.avrasyatomer.com\/en\/wp-json\/wp\/v2\/types\/page"}],"author":[{"embeddable":true,"href":"https:\/\/www.avrasyatomer.com\/en\/wp-json\/wp\/v2\/users\/7"}],"replies":[{"embeddable":true,"href":"https:\/\/www.avrasyatomer.com\/en\/wp-json\/wp\/v2\/comments?post=2319"}],"version-history":[{"count":2,"href":"https:\/\/www.avrasyatomer.com\/en\/wp-json\/wp\/v2\/pages\/2319\/revisions"}],"predecessor-version":[{"id":3166,"href":"https:\/\/www.avrasyatomer.com\/en\/wp-json\/wp\/v2\/pages\/2319\/revisions\/3166"}],"wp:attachment":[{"href":"https:\/\/www.avrasyatomer.com\/en\/wp-json\/wp\/v2\/media?parent=2319"}],"curies":[{"name":"wp","href":"https:\/\/api.w.org\/{rel}","templated":true}]}}