{"id":2310,"date":"2016-11-11T11:54:43","date_gmt":"2016-11-11T08:54:43","guid":{"rendered":"http:\/\/www.avrasyatomer.com\/en\/?page_id=2310"},"modified":"2024-08-24T17:10:29","modified_gmt":"2024-08-24T14:10:29","slug":"general-turkish","status":"publish","type":"page","link":"https:\/\/www.avrasyatomer.com\/en\/general-turkish\/","title":{"rendered":"General Turkish"},"content":{"rendered":"<h3 class=\"zn_text_box-title zn_text_box-title--style1 text-custom\">GENERAL TURKISH<\/h3>\n<p>Turkish courses for foreigners at AVRASYA TOMER have\u00a06\u00a0levels: 2 Basic Levels (A1, A2); 2 Intermediate Levels (B1, B2) and Advanced Level (C1,C2).<\/p>\n<p>Students who learn Turkish as a foreign language are assesed to see their progress in four main language skills (listening, reading, speaking, and writing skills) and sub-skills (grammar and vocabulary). Successful students are awarded with TOMER certificate.<\/p>\n<p>If one student fails proficiency test because of his \/ her poor grade in merely one certain-skill (for instance reading) he may sit for a re-take test. If he fails more than one skill-tests he is supposed to repeat the whole course. In our classes, we use the coursebook called Yabanc\u0131lara i\u00e7in \u0130stanbul T\u00fcrk\u00e7e \u00d6\u011fretim Seti and its workbook, CDs and other supplementary materials designed by other experts on the field.<\/p>\n<p>Turkish universities require those students, who would like to do undergraduate and post-graduate degrees, to get the C-1 certificate.<\/p>\n<p><span class=\"zn-fontweight\"><a href=\"https:\/\/www.avrasyatomer.com\/en\/online-deneme\/\" target=\"_self\" rel=\"noopener\">What is my Turkish level?<\/a><\/span><\/p>\n<p>&nbsp;<\/p>\n<table class=\"table table-striped\">\n<tbody>\n<tr class=\"success\">\n<td>Course<\/td>\n<td>Days<\/td>\n<td>Course Duration<\/td>\n<td><\/td>\n<td>Total Hours<\/td>\n<\/tr>\n<tr>\n<td>A1<\/td>\n<td>Monday, Tuesday, Wednesday, Thursday<\/td>\n<td rowspan=\"6\">&nbsp;<\/p>\n<p>Daily 4 Hours<\/p>\n<p>Weekly 16 Hours<\/td>\n<td>8 Weeks<\/td>\n<td>\u00a096 Hours<\/td>\n<\/tr>\n<tr>\n<td>A2<\/td>\n<td>Monday, Tuesday, Wednesday, Thursday<\/td>\n<td>8 Weeks<\/td>\n<td>\u00a096 Hours<\/td>\n<\/tr>\n<tr>\n<td>B1<\/td>\n<td>Monday, Tuesday, Wednesday, Thursday<\/td>\n<td>8 Weeks<\/td>\n<td>\u00a0128 Hours<\/td>\n<\/tr>\n<tr>\n<td>B2<\/td>\n<td>Monday, Tuesday, Wednesday, Thursday<\/td>\n<td>8 Weeks<\/td>\n<td>128 Hours<\/td>\n<\/tr>\n<tr>\n<td>C1<\/td>\n<td>Monday, Tuesday, Wednesday, Thursday<\/td>\n<td>8 Weeks<\/td>\n<td>128 Hours<\/td>\n<\/tr>\n<tr>\n<td>C2<\/td>\n<td>Monday, Tuesday, Wednesday, Thursday<\/td>\n<td>8 Weeks<\/td>\n<td>128 Hours<\/td>\n<\/tr>\n<\/tbody>\n<\/table>\n","protected":false},"excerpt":{"rendered":"<p>GENERAL TURKISH Turkish courses for foreigners at AVRASYA TOMER have\u00a06\u00a0levels: 2 Basic Levels (A1, A2); 2 Intermediate Levels (B1, B2) and Advanced Level (C1,C2). Students who learn Turkish as a foreign language are assesed to see their progress in four main language skills (listening, reading, speaking, and writing skills) and sub-skills (grammar and vocabulary). Successful<\/p>\n","protected":false},"author":7,"featured_media":0,"parent":0,"menu_order":0,"comment_status":"closed","ping_status":"closed","template":"","meta":{"footnotes":""},"class_list":["post-2310","page","type-page","status-publish","hentry"],"aioseo_notices":[],"_links":{"self":[{"href":"https:\/\/www.avrasyatomer.com\/en\/wp-json\/wp\/v2\/pages\/2310","targetHints":{"allow":["GET"]}}],"collection":[{"href":"https:\/\/www.avrasyatomer.com\/en\/wp-json\/wp\/v2\/pages"}],"about":[{"href":"https:\/\/www.avrasyatomer.com\/en\/wp-json\/wp\/v2\/types\/page"}],"author":[{"embeddable":true,"href":"https:\/\/www.avrasyatomer.com\/en\/wp-json\/wp\/v2\/users\/7"}],"replies":[{"embeddable":true,"href":"https:\/\/www.avrasyatomer.com\/en\/wp-json\/wp\/v2\/comments?post=2310"}],"version-history":[{"count":6,"href":"https:\/\/www.avrasyatomer.com\/en\/wp-json\/wp\/v2\/pages\/2310\/revisions"}],"predecessor-version":[{"id":3222,"href":"https:\/\/www.avrasyatomer.com\/en\/wp-json\/wp\/v2\/pages\/2310\/revisions\/3222"}],"wp:attachment":[{"href":"https:\/\/www.avrasyatomer.com\/en\/wp-json\/wp\/v2\/media?parent=2310"}],"curies":[{"name":"wp","href":"https:\/\/api.w.org\/{rel}","templated":true}]}}